{"id":403,"date":"2010-12-19T16:12:18","date_gmt":"2010-12-19T16:12:18","guid":{"rendered":"http:\/\/www.mathias.hentrich.org\/reise\/?page_id=403"},"modified":"2013-10-13T16:34:13","modified_gmt":"2013-10-13T16:34:13","slug":"uebersicht","status":"publish","type":"page","link":"https:\/\/mathias.hentrich.org\/reise\/","title":{"rendered":"A two-year solo trip across all 7 continents"},"content":{"rendered":"<p align=\"center\"><em>English and German is on the same page.<\/em><\/p>\n<p style=\"text-align: left;\" align=\"center\"><strong>1. Check the Summary \/ Die Zusammenfassung<\/strong><\/p>\n<p style=\"text-align: center;\"><a href=\"https:\/\/mathias.hentrich.org\/reise\/3072\/\"><img loading=\"lazy\" decoding=\"async\" class=\"aligncenter size-medium wp-image-3057\" alt=\"The Route across all 7 continents\" src=\"https:\/\/mathias.hentrich.org\/reise\/wp-content\/uploads\/Weltreise_World_Travel_Preview-300x168.jpg\" width=\"300\" height=\"168\" srcset=\"https:\/\/mathias.hentrich.org\/reise\/wp-content\/uploads\/Weltreise_World_Travel_Preview-300x168.jpg 300w, https:\/\/mathias.hentrich.org\/reise\/wp-content\/uploads\/Weltreise_World_Travel_Preview.jpg 787w\" sizes=\"auto, (max-width: 300px) 100vw, 300px\" \/><\/a>1 guy, 2 years, 3 oceans, 7 continents, 60 countries, 200 interviews, 985 postcards,<br \/>\n&gt;2,000 videos, &gt;40,000 photos, &gt;200,000 km, &gt;3,200,000 GPS way points&#8230; <strong>\u2013&gt; <a href=\"https:\/\/mathias.hentrich.org\/reise\/3072\/\">[click]<\/a><\/strong><\/p>\n<p>\u00a0<strong><strong><strong><strong>2. Popular Summaries \/ Beliebte Zusammenfassungen<br \/>\n<\/strong><\/strong><\/strong><\/strong>Asia \/ Asien\u00a0\u2013&gt; <a href=\"https:\/\/mathias.hentrich.org\/reise\/2028\/\">[click]<br \/>\n<\/a>Australia, New Zealand, Pacific Ocean \u2013&gt; <a href=\"https:\/\/mathias.hentrich.org\/reise\/2265\/\">[click]<br \/>\n<\/a>South America, Antarctica, Central America \u2013&gt; <a href=\"https:\/\/mathias.hentrich.org\/reise\/2447\/\">[click]<br \/>\n<\/a>USA and Canada &#8211; The Road Trip! \u2013&gt; <a href=\"https:\/\/mathias.hentrich.org\/reise\/2874\/\">[click]<br \/>\n<\/a>Europe, Africa and \u2026back home! \ud83d\ude42 \u2013&gt; <a href=\"https:\/\/mathias.hentrich.org\/reise\/2975\/\">[click]<\/a><\/p>\n<p><strong>3. Popular travel stories \/ Beliebte Erfahrungsberichte<br \/>\n<\/strong>China, Peking 7 (Heimarbeit, Handeln) \u2013&gt; <a href=\"https:\/\/mathias.hentrich.org\/reise\/295\/\">[click]<br \/>\n<\/a>China, Xi\u2019an (Feilschen, Citytour) \u2013&gt; <a href=\"https:\/\/mathias.hentrich.org\/reise\/481\/\">[click]<br \/>\n<\/a>Nepal, Kathmandu 3 (Ge- und ungew\u00fcnschte \u00dcberraschungen) \u2013&gt; <a href=\"https:\/\/mathias.hentrich.org\/reise\/1201\/\">[click]<\/a><\/p>\n<p><strong>4. Scroll down for the other articles \/ Weitere Reiseberichte siehe unten<\/strong><\/p>\n<p><strong>5. More travel stuff \/ Mehr Reiseerlebnisse<br \/>\n<\/strong>From an unplanned trip to the East it ended up as a two-year solo trip around the world across all 7 continents. I&#8217;ll process the tens of thousands of photos, videos, diary entries, etc. over the next few years. Interested? Just send me a mail to\u00a0<a href=\"mailto:Mat-Reise@hentrich.org\">Mat-Reise@hentrich.org<\/a> and I&#8217;ll put you in the mailing list.<br \/>\nAus einer ungeplanten Reise gen Osten wurde im Endeffekt eine zweij\u00e4hrige Solo-Welt-umrundung \u00fcber alle 7 Kontinente. Die zehntausende Bilder, Videos, Mitschriften etc. bereite ich \u00fcber die n\u00e4chsten Jahren auf. Interessiert? Schick mir einfach eine kurze Mail an <a href=\"mailto:Mat-Reise@hentrich.org\">Mat-Reise@hentrich.org<\/a> und ich trage Dich in den Verteiler dazu ein.<\/p>\n<p><strong>6. More Infos \/ Mehr Infos<\/strong><br \/>\nCheck out the other pages on this blog, facebook and so on.<br \/>\nSchau Dir die anderen Seiten auf dem Blog, facebook usw. an.<\/p>\n<p><strong>7. Last but most important \/ Das Wichtigste zum Schluss<br \/>\n<\/strong>At least once a day: Smile and be happy! \ud83d\ude42<br \/>\nMindestens einmal pro Tag: L\u00e4chle und sei gl\u00fccklich! \ud83d\ude42<\/p>\n<p align=\"center\"><strong>\u2013 Article Overview \/ Artikel\u00fcbersicht \u2013<br \/>\n<\/strong>Newest articles first. \/ Die neusten Reiseberichte stehen oben.<\/p>\n<p><strong>\n\t\t\t\t<h3 id=\"cat_allgemein\">Allgemein<\/h3>\n\t\t\t\t<ul>\n\t\t\t<li><a href=\"https:\/\/mathias.hentrich.org\/reise\/3072\/summary-zusammenfassung\/\">Summary \/ Zusammenfassung<\/a><\/li>\n<li><a href=\"https:\/\/mathias.hentrich.org\/reise\/3004\/6-wochen-danach-6-weeks-after\/\">6 Wochen danach \/ 6 weeks after<\/a><\/li>\n<li><a href=\"https:\/\/mathias.hentrich.org\/reise\/2975\/europe-africa-and-back-home\/\">Europe, Africa and &#8230;back home! \ud83d\ude42<\/a><\/li>\n<li><a href=\"https:\/\/mathias.hentrich.org\/reise\/2874\/usa-and-canada-the-road-trip\/\">USA and Canada &#8211; The Road Trip!<\/a><\/li>\n<li><a href=\"https:\/\/mathias.hentrich.org\/reise\/2679\/north-america-road-trip-b-end\/\">North America Road Trip #B &#8211; end<\/a><\/li>\n<li><a href=\"https:\/\/mathias.hentrich.org\/reise\/2598\/north-america-road-trip-a\/\">North America Road Trip #A<\/a><\/li>\n<li><a href=\"https:\/\/mathias.hentrich.org\/reise\/2573\/after-latin-america-and-before-north-america\/\">After Latin America and before North America<\/a><\/li>\n<li><a href=\"https:\/\/mathias.hentrich.org\/reise\/2447\/birthday-special-latin-america-antarctica\/\">South America, Antarctica, Central America<\/a><\/li>\n<li><a href=\"https:\/\/mathias.hentrich.org\/reise\/2277\/across-south-america-to-the-antarctica\/\">[GPS] Across South America to the Antarctica<\/a><\/li>\n<li><a href=\"https:\/\/mathias.hentrich.org\/reise\/2272\/across-the-pacific-ocean-to-the-atlantic-ocean\/\">[GPS] Across the Pacific Ocean to the Atlantic Ocean<\/a><\/li>\n<li><a href=\"https:\/\/mathias.hentrich.org\/reise\/2265\/2011-12-2012-01-australia-new-zealand-panama\/\">To Australia and New Zealand across the Pacific to Panama<\/a><\/li>\n<li><a href=\"https:\/\/mathias.hentrich.org\/reise\/2028\/2011-eine-zusammenfassung-summary-ausblick-outlook\/\">2011: Eine Zusammenfassung \/ Summary + Ausblick \/ Outlook<\/a><\/li>\n<li><a href=\"https:\/\/mathias.hentrich.org\/reise\/1861\/letzter-ping-von-asien\/\">&#8211; Letzter Ping von Asien &#8211;<\/a><\/li>\n<li><a href=\"https:\/\/mathias.hentrich.org\/reise\/1856\/ping-vom-quator\/\">&#8211; Ping vom \u00c4quator &#8211;<\/a><\/li>\n<li><a href=\"https:\/\/mathias.hentrich.org\/reise\/1849\/zwischenbericht-gps-maus-ein-echt-ntzlicher-helfer\/\">&#8211; Zwischenbericht: GPS-Maus, ein echt n\u00fctzlicher Helfer &#8211;<\/a><\/li>\n<li><a href=\"https:\/\/mathias.hentrich.org\/reise\/1838\/nepal-kathmandu-pokhara-etwas-ruhiger\/\">Nepal, Kathmandu -> Pokhara (Etwas ruhiger&#8230;)<\/a><\/li>\n<li><a href=\"https:\/\/mathias.hentrich.org\/reise\/1821\/nepal-kathmandu-5-botschaft-clubnacht-rikscha-kampf\/\">Nepal, Kathmandu 7 (Botschaft, Clubnacht, Rikscha-Kampf)<\/a><\/li>\n<li><a href=\"https:\/\/mathias.hentrich.org\/reise\/1786\/bhutan-nepal-kathmandu-flug-entlang-des-himalaya\/\">Bhutan -> Nepal, Kathmandu (Flug entlang des Himalaya)<\/a><\/li>\n<li><a href=\"https:\/\/mathias.hentrich.org\/reise\/1752\/bhutan-rundreise-freundlichkeit-karaoke-alarm\/\">Bhutan (Rundreise, Freundlichkeit, Karaoke-Alarm)<\/a><\/li>\n<li><a href=\"https:\/\/mathias.hentrich.org\/reise\/1718\/bhutan-traditionen-klosterburgen-und-der-blick-hinter-die-kulissen\/\">Bhutan (Traditionen, Klosterburgen und der Blick hinter die Kulissen)<\/a><\/li>\n<li><a href=\"https:\/\/mathias.hentrich.org\/reise\/1655\/bhutan-tigers-nest-regierungssitz-hauptstadt-ohne-ampeln\/\">Bhutan (Tiger&#8217;s Nest, Regierungssitz, Hauptstadt ohne Ampeln)<\/a><\/li>\n<li><a href=\"https:\/\/mathias.hentrich.org\/reise\/1580\/bhutan-hervorragendes-essen-luxuriose-unterkunft\/\">Bhutan (Hervorragendes Essen, luxuri\u00f6se Unterkunft)<\/a><\/li>\n<li><a href=\"https:\/\/mathias.hentrich.org\/reise\/1561\/nepal-kathmandu-bhutan-zum-konigreich-mit-dem-glucksfaktor\/\">Nepal, Kathmandu -> Bhutan (Zum K\u00f6nigreich mit dem Gl\u00fccksfaktor)<\/a><\/li>\n<li><a href=\"https:\/\/mathias.hentrich.org\/reise\/1529\/nepal-kathmandu-6-zuruck-ins-chaos-hochzeit-gastfreundschaft\/\">Nepal, Kathmandu 6 (Zur\u00fcck ins Chaos, Hochzeit, Gastfreundschaft)<\/a><\/li>\n<li><a href=\"https:\/\/mathias.hentrich.org\/reise\/1508\/nepal-chitwan-3-elefanten-krokodile-und-chinesische-kuche\/\">Nepal, Chitwan 3 (Elefanten, Krokodile und Chinesische K\u00fcche)<\/a><\/li>\n<li><a href=\"https:\/\/mathias.hentrich.org\/reise\/1455\/nepal-chitwan-2-dschungelsafaris-und-rhinozerosse\/\">Nepal, Chitwan 2 (Dschungelsafaris und Rhinozerosse)<\/a><\/li>\n<li><a href=\"https:\/\/mathias.hentrich.org\/reise\/1384\/nepal-chitwan-1-elefantenfusball-und-begeisterte-kinder\/\">Nepal, Chitwan 1 (Elefantenfu\u00dfball und begeisterte Kinder)<\/a><\/li>\n<li><a href=\"https:\/\/mathias.hentrich.org\/reise\/1323\/nepal-kathmandu-5-tod-cannabis-und-kultur\/\">Nepal, Kathmandu 5 (Tod, Cannabis und Kultur)<\/a><\/li>\n<li><a href=\"https:\/\/mathias.hentrich.org\/reise\/1253\/mein-heutiger-geburtstag-einladung\/\">&#8211; Mein heutiger Geburtstag + Einladung &#8211;<\/a><\/li>\n<li><a href=\"https:\/\/mathias.hentrich.org\/reise\/1240\/nepal-kathmandu-4-schlitzohren-sex-und-sightseeing\/\">Nepal, Kathmandu 4 (Schlitzohren, Sex und Sightseeing)<\/a><\/li>\n<li><a href=\"https:\/\/mathias.hentrich.org\/reise\/1201\/nepal-kathmandu-3-ge-und-ungewunschte-uberraschungen\/\">Nepal, Kathmandu 3 (Ge- und ungew\u00fcnschte \u00dcberraschungen)<\/a><\/li>\n<li><a href=\"https:\/\/mathias.hentrich.org\/reise\/1183\/nepal-kathmandu-2-mll-affentempel-guru\/\">Nepal, Kathmandu 2 (M\u00fcll, Affentempel, Guru)<\/a><\/li>\n<li><a href=\"https:\/\/mathias.hentrich.org\/reise\/1118\/nepal-kathmandu-1-feste-werden-gefeiert\/\">Nepal, Kathmandu 1 (Feste werden gefeiert)<\/a><\/li>\n<li><a href=\"https:\/\/mathias.hentrich.org\/reise\/1085\/china-tibet-nepal-kathmandu-vorbei-mit-der-ruhe\/\">China, Tibet -&gt; Nepal, Kathmandu (Vorbei mit der Ruhe)<\/a><\/li>\n<li><a href=\"https:\/\/mathias.hentrich.org\/reise\/1041\/china-tibet-hochplateau-adieu-nepal-ruft\/\">China, Tibet (Hochplateau Adieu, Nepal ruft)<\/a><\/li>\n<li><a href=\"https:\/\/mathias.hentrich.org\/reise\/995\/ruckblick-deutschlands-hochster-berg-die-besteigung-der-zugspitze\/\">R\u00fcckblick: Deutschlands h\u00f6chster Berg (Die Besteigung der Zugspitze)<\/a><\/li>\n<li><a href=\"https:\/\/mathias.hentrich.org\/reise\/886\/rckblick-ein-letztes-mal-sommerakademie-mit-der-studienstiftung\/\">R&uuml;ckblick: Ein letztes Mal Sommerakademie mit der Studienstiftung<\/a><\/li>\n<li><a href=\"https:\/\/mathias.hentrich.org\/reise\/775\/china-tibet-den-wolken-so-nah-mt-everest-base-camp\/\">China, Tibet (Den Wolken so nah: Mt. Everest Base Camp)<\/a><\/li>\n<li><a href=\"https:\/\/mathias.hentrich.org\/reise\/676\/china-tibet-ein-erlebnisreicher-tag-zum-mount-everest\/\">China, Tibet (Ein erlebnisreicher Tag zum Mt. Everest)<\/a><\/li>\n<li><a href=\"https:\/\/mathias.hentrich.org\/reise\/665\/china-tibet-polizei-yak-gletscher-und-kloster\/\">China, Tibet (Polizei, Yak, Gletscher und Kl\u00f6ster)<\/a><\/li>\n<li><a href=\"https:\/\/mathias.hentrich.org\/reise\/659\/blogfeatures-neue-seiten-danke-faq\/\">&#8211; Blogfeatures: Neue Seiten (Danke, FAQ) &#8211;<\/a><\/li>\n<li><a href=\"https:\/\/mathias.hentrich.org\/reise\/627\/china-tibet-lhasa-zweite-eindrucke\/\">China, Tibet (Lhasa, zweite Eindr\u00fccke)<\/a><\/li>\n<li><a href=\"https:\/\/mathias.hentrich.org\/reise\/611\/china-tibet-lhasa-erste-eindrucke\/\">China, Tibet (Lhasa, erste Eindr\u00fccke)<\/a><\/li>\n<li><a href=\"https:\/\/mathias.hentrich.org\/reise\/573\/china-xian-lhasa-mit-dem-zug-nach-tibet\/\">China, Xi&#8217;an -> Lhasa (mit dem Zug nach Tibet)<\/a><\/li>\n<li><a href=\"https:\/\/mathias.hentrich.org\/reise\/481\/china-xian-feilschen-citytour\/\">China, Xi&#8217;an (Feilschen, Citytour)<\/a><\/li>\n<li><a href=\"https:\/\/mathias.hentrich.org\/reise\/388\/lebenszeichen-vorfreudevorschau\/\">&#8211; Lebenszeichen, Vorfreude\/Vorschau &#8211;<\/a><\/li>\n<li><a href=\"https:\/\/mathias.hentrich.org\/reise\/380\/kurze-zwischennachricht\/\">&#8211; kurze Zwischennachricht &#8211;<\/a><\/li>\n<li><a href=\"https:\/\/mathias.hentrich.org\/reise\/366\/china-xian-ankunft-terrakotta-armee\/\">China, Xi&#8217;an (Ankunft, Terrakotta-Armee)<\/a><\/li>\n<li><a href=\"https:\/\/mathias.hentrich.org\/reise\/356\/china-peking-xian\/\">China, Peking -> Xi&#8217;an<\/a><\/li>\n<li><a href=\"https:\/\/mathias.hentrich.org\/reise\/337\/china-peking-10-abreise\/\">China, Peking 10 (Abreise)<\/a><\/li>\n<li><a href=\"https:\/\/mathias.hentrich.org\/reise\/313\/china-peking-9-abende\/\">China, Peking 9 (Abende)<\/a><\/li>\n<li><a href=\"https:\/\/mathias.hentrich.org\/reise\/302\/china-peking-8-pekingente\/\">China, Peking 8 (Pekingente)<\/a><\/li>\n<li><a href=\"https:\/\/mathias.hentrich.org\/reise\/295\/china-peking-7-heimarbeit-handeln\/\">China, Peking 7 (Heimarbeit, Handeln)<\/a><\/li>\n<li><a href=\"https:\/\/mathias.hentrich.org\/reise\/255\/china-peking-6-kultur-und-futter\/\">China, Peking 6 (Kultur und Futter)<\/a><\/li>\n<li><a href=\"https:\/\/mathias.hentrich.org\/reise\/235\/china-peking-5-kneipe-lounge\/\">China, Peking 5 (Kneipe, Lounge)<\/a><\/li>\n<li><a href=\"https:\/\/mathias.hentrich.org\/reise\/228\/china-peking-4-einkauf-frisor\/\">China, Peking 4 (Einkauf, Fris\u00f6r)<\/a><\/li>\n<li><a href=\"https:\/\/mathias.hentrich.org\/reise\/211\/china-peking-25-vortrag-kneipentour\/\">China, Peking 2,5 (Vortrag, Kneipentour)<\/a><\/li>\n<li><a href=\"https:\/\/mathias.hentrich.org\/reise\/201\/china-peking-3-grose-mauer\/\">China, Peking 3 (Gro\u00dfe Mauer)<\/a><\/li>\n<li><a href=\"https:\/\/mathias.hentrich.org\/reise\/194\/china-peking-2-olympiapark\/\">China, Peking 2 (Olympiapark)<\/a><\/li>\n<li><a href=\"https:\/\/mathias.hentrich.org\/reise\/175\/china-peking-1\/\">China, Peking 1<\/a><\/li>\n<li><a href=\"https:\/\/mathias.hentrich.org\/reise\/170\/mongolei-china\/\">Mongolei -> China<\/a><\/li>\n<li><a href=\"https:\/\/mathias.hentrich.org\/reise\/163\/ulan-bator-3\/\">Mongolei, Ulan-Bator 3<\/a><\/li>\n<li><a href=\"https:\/\/mathias.hentrich.org\/reise\/146\/ulan-bator-2\/\">Mongolei, Ulan-Bator 2<\/a><\/li>\n<li><a href=\"https:\/\/mathias.hentrich.org\/reise\/139\/mongolei-terelj-nationalpark\/\">Mongolei (Terelj-Nationalpark)<\/a><\/li>\n<li><a href=\"https:\/\/mathias.hentrich.org\/reise\/117\/ulan-bator\/\">Mongolei, Ulan-Bator<\/a><\/li>\n<li><a href=\"https:\/\/mathias.hentrich.org\/reise\/113\/russland-mongolei\/\">Russland \u2013> Mongolei<\/a><\/li>\n<li><a href=\"https:\/\/mathias.hentrich.org\/reise\/109\/irkutsk-2\/\">Russland, Irkutsk 2<\/a><\/li>\n<li><a href=\"https:\/\/mathias.hentrich.org\/reise\/89\/baikalsee\/\">Russland (Baikalsee)<\/a><\/li>\n<li><a href=\"https:\/\/mathias.hentrich.org\/reise\/68\/irkutsk\/\">Russland, Irkutsk<\/a><\/li>\n<li><a href=\"https:\/\/mathias.hentrich.org\/reise\/65\/moskau-irkutsk-transsib\/\">Russland, Moskau \u2013> Irkutsk (Transsib)<\/a><\/li>\n<li><a href=\"https:\/\/mathias.hentrich.org\/reise\/59\/moskau-2\/\">Russland, Moskau 2<\/a><\/li>\n<li><a href=\"https:\/\/mathias.hentrich.org\/reise\/33\/moskau\/\">Russland, Moskau<\/a><\/li>\n<li><a href=\"https:\/\/mathias.hentrich.org\/reise\/27\/berlin-moskau\/\">Deutschland, Berlin \u2013> Russland, Moskau<\/a><\/li>\n<li><a href=\"https:\/\/mathias.hentrich.org\/reise\/15\/start-overath-koln-berlin\/\">Deutschland, Overath \u2013> K\u00f6ln \u2013> Berlin<\/a><\/li>\n<li><a href=\"https:\/\/mathias.hentrich.org\/reise\/1\/hallo-welt\/\">Liebe&#8230;<\/a><\/li>\n\n\t\t\t<\/ul>\n\t\t<\/strong><\/p>\n","protected":false},"excerpt":{"rendered":"<p>English and German is on the same page. 1. Check the Summary \/ Die Zusammenfassung 1 guy, 2 years, 3 oceans, 7 continents, 60 countries, 200 interviews, 985 postcards, &gt;2,000 videos, &gt;40,000 photos, &gt;200,000 km, &gt;3,200,000 GPS way points&#8230; \u2013&gt; &hellip; <a href=\"https:\/\/mathias.hentrich.org\/reise\/\">Weiterlesen <span class=\"meta-nav\">&rarr;<\/span><\/a><\/p>\n","protected":false},"author":1,"featured_media":0,"parent":0,"menu_order":8,"comment_status":"open","ping_status":"closed","template":"","meta":{"footnotes":""},"class_list":["post-403","page","type-page","status-publish","hentry"],"_links":{"self":[{"href":"https:\/\/mathias.hentrich.org\/reise\/wp-json\/wp\/v2\/pages\/403","targetHints":{"allow":["GET"]}}],"collection":[{"href":"https:\/\/mathias.hentrich.org\/reise\/wp-json\/wp\/v2\/pages"}],"about":[{"href":"https:\/\/mathias.hentrich.org\/reise\/wp-json\/wp\/v2\/types\/page"}],"author":[{"embeddable":true,"href":"https:\/\/mathias.hentrich.org\/reise\/wp-json\/wp\/v2\/users\/1"}],"replies":[{"embeddable":true,"href":"https:\/\/mathias.hentrich.org\/reise\/wp-json\/wp\/v2\/comments?post=403"}],"version-history":[{"count":70,"href":"https:\/\/mathias.hentrich.org\/reise\/wp-json\/wp\/v2\/pages\/403\/revisions"}],"predecessor-version":[{"id":673,"href":"https:\/\/mathias.hentrich.org\/reise\/wp-json\/wp\/v2\/pages\/403\/revisions\/673"}],"wp:attachment":[{"href":"https:\/\/mathias.hentrich.org\/reise\/wp-json\/wp\/v2\/media?parent=403"}],"curies":[{"name":"wp","href":"https:\/\/api.w.org\/{rel}","templated":true}]}}