{"id":1144,"date":"2011-03-28T13:07:36","date_gmt":"2011-03-28T13:07:36","guid":{"rendered":"http:\/\/www.mathias.hentrich.org\/reise\/?page_id=1144"},"modified":"2012-04-25T04:39:30","modified_gmt":"2012-04-25T04:39:30","slug":"copyright-urheberrechts-hinweis","status":"publish","type":"page","link":"https:\/\/mathias.hentrich.org\/reise\/copyright-urheberrechts-hinweis\/","title":{"rendered":"&copy;"},"content":{"rendered":"<p><strong>Copyright \/ Urheberrecht<\/strong><\/p>\n<p><strong>For the English version please scroll down.<\/strong><\/p>\n<p>Alle auf dieser Internetpr\u00e4senz verwendeten Texte und Fotografien sowie weiteren Elemente sind nach deutschem Recht automatisch mit Erstellung urheberrechtlich gesch\u00fctzt und bed\u00fcrfen zur Verwendung die vorherige Genehmigung des Autors. Finden Sie diese Internetpr\u00e4senz interessant und m\u00f6chten Teile davon verwenden? Dann freu ich mich \u00fcber Ihre vorherige <a href=\"https:\/\/mathias.hentrich.org\/reise\/73\/\">Kontaktaufnahme<\/a>. Sollte ich nicht selbst der Urheber sein, versuche ich gerne den Kontakt zum entsprechenden Nutzungsberechtigten herzustellen, um sp\u00e4tere <a href=\"http:\/\/www.gesetze-im-internet.de\/urhg\/BJNR012730965.html\" target=\"_blank\">Missverst\u00e4ndnisse<\/a> auszuschlie\u00dfen.<\/p>\n<p>Dieser Copyright-Hinweis entstand, da ich j\u00fcngst feststellen musste, dass es tats\u00e4chlich Leute gibt, die pers\u00f6nliche Reiseberichte und\/oder fremde Fotos unter eigenem Namen ver\u00f6ffentlichen. Krass aber wahr. Falls Zweifel bestehen, bitte einfach vorab mit mir <a href=\"https:\/\/mathias.hentrich.org\/reise\/73\/\">Kontakt<\/a> aufnehmen. Ich bei\u00dfe nicht und finde es normalerweise gut, wenn meine Werke Verbreitung finden. Vorher zu fragen ist dennoch obligatorisch (und auch h\u00f6flich), damit ich wei\u00df wo und besonders zu welchem Zweck etwas von mir landet.<\/p>\n<p>Vielen Dank, <br \/>Mathias Hentrich <\/p>\n<h1>ENGLISH<\/h1>\n<p>All texts, photographs and other items on this blog are automatically protected by copyright under German law and require the prior permission of the author for other uses. Do you find this website interesting and want to use parts of it? Then I&#8217;m looking forward to <a href=\"https:\/\/mathias.hentrich.org\/reise\/73\/\">hearing from you<\/a> in advance. If I\u2019m not the author, I\u2019ll make contact between you and the respective beneficial owner to avoid later misunderstandings.<\/p>\n<p>This copyright notice is because I recently had to find out that there are indeed people who take personal travel reports and\/or publish others photos under their own name. Sad but true. If in doubt, please just <a href=\"https:\/\/mathias.hentrich.org\/reise\/73\/\">contact<\/a> me. I do not bite and usually like it when my works are spread. To ask first is still mandatory (and polite), so I know where and for what purpose something lands from me.<\/p>\n<p>Thank you,<br \/>Mathias Hentrich<\/p>\n","protected":false},"excerpt":{"rendered":"<p>Copyright \/ Urheberrecht For the English version please scroll down. Alle auf dieser Internetpr\u00e4senz verwendeten Texte und Fotografien sowie weiteren Elemente sind nach deutschem Recht automatisch mit Erstellung urheberrechtlich gesch\u00fctzt und bed\u00fcrfen zur Verwendung die vorherige Genehmigung des Autors. Finden &hellip; <a href=\"https:\/\/mathias.hentrich.org\/reise\/copyright-urheberrechts-hinweis\/\">Weiterlesen <span class=\"meta-nav\">&rarr;<\/span><\/a><\/p>\n","protected":false},"author":1,"featured_media":0,"parent":0,"menu_order":200,"comment_status":"open","ping_status":"closed","template":"","meta":{"footnotes":""},"class_list":["post-1144","page","type-page","status-publish","hentry"],"_links":{"self":[{"href":"https:\/\/mathias.hentrich.org\/reise\/wp-json\/wp\/v2\/pages\/1144","targetHints":{"allow":["GET"]}}],"collection":[{"href":"https:\/\/mathias.hentrich.org\/reise\/wp-json\/wp\/v2\/pages"}],"about":[{"href":"https:\/\/mathias.hentrich.org\/reise\/wp-json\/wp\/v2\/types\/page"}],"author":[{"embeddable":true,"href":"https:\/\/mathias.hentrich.org\/reise\/wp-json\/wp\/v2\/users\/1"}],"replies":[{"embeddable":true,"href":"https:\/\/mathias.hentrich.org\/reise\/wp-json\/wp\/v2\/comments?post=1144"}],"version-history":[{"count":11,"href":"https:\/\/mathias.hentrich.org\/reise\/wp-json\/wp\/v2\/pages\/1144\/revisions"}],"predecessor-version":[{"id":2470,"href":"https:\/\/mathias.hentrich.org\/reise\/wp-json\/wp\/v2\/pages\/1144\/revisions\/2470"}],"wp:attachment":[{"href":"https:\/\/mathias.hentrich.org\/reise\/wp-json\/wp\/v2\/media?parent=1144"}],"curies":[{"name":"wp","href":"https:\/\/api.w.org\/{rel}","templated":true}]}}